{"id":1046,"date":"2025-12-22T18:11:54","date_gmt":"2025-12-22T17:11:54","guid":{"rendered":"https:\/\/www.nelco.be\/?page_id=1046"},"modified":"2025-12-22T18:14:15","modified_gmt":"2025-12-22T17:14:15","slug":"privacy","status":"publish","type":"page","link":"http:\/\/www.nelco.be\/de\/privacy\/","title":{"rendered":"Datenschutz"},"content":{"rendered":"<h2 data-start=\"276\" data-end=\"314\">Datenschutz- und Cookie-Richtlinie \u2013 Nelco BV<\/h2>\n<h3 data-start=\"316\" data-end=\"333\">1. Allgemeines<\/h3>\n<p data-start=\"334\" data-end=\"600\">Nelco BV, mit Sitz in <strong data-start=\"357\" data-end=\"416\">Durmakker 16 (Hafennummer 8836 A), 9940 Evergem, Belgien<\/strong>, legt gro\u00dfen Wert auf den Schutz Ihrer personenbezogenen Daten und respektiert Ihre Privatsph\u00e4re gem\u00e4\u00df den <strong data-start=\"511\" data-end=\"566\">Allgemeine Datenschutzverordnung (AVG\/GDPR)<\/strong> und die belgischen Datenschutzgesetze.<\/p>\n<p data-start=\"602\" data-end=\"698\">Diese Datenschutz- und Cookie-Richtlinie erl\u00e4utert, welche Daten m\u00f6glicherweise verarbeitet werden und zu welchem Zweck.<\/p>\n<hr data-start=\"700\" data-end=\"703\" \/>\n<h3 data-start=\"705\" data-end=\"751\">2. Welche personenbezogenen Daten verarbeiten wir?<\/h3>\n<p data-start=\"752\" data-end=\"842\">Nelco BV verarbeitet ausschlie\u00dflich <strong data-start=\"776\" data-end=\"834\">sehr begrenzte und unbedingt erforderliche personenbezogene Daten<\/strong>, wie zum Beispiel:<\/p>\n<ul data-start=\"844\" data-end=\"904\">\n<li data-start=\"844\" data-end=\"852\">\n<p data-start=\"846\" data-end=\"852\">Name<\/p>\n<\/li>\n<li data-start=\"853\" data-end=\"869\">\n<p data-start=\"855\" data-end=\"869\">Firmenname<\/p>\n<\/li>\n<li data-start=\"870\" data-end=\"885\">\n<p data-start=\"872\" data-end=\"885\">E-Mail-Adresse<\/p>\n<\/li>\n<li data-start=\"886\" data-end=\"904\">\n<p data-start=\"888\" data-end=\"904\">Telefonnummer<\/p>\n<\/li>\n<\/ul>\n<p data-start=\"906\" data-end=\"1043\">Diese Daten werden ausschlie\u00dflich von Ihnen selbst bereitgestellt, beispielsweise per E-Mail, Telefon oder andere direkte Kommunikationswege.<\/p>\n<p data-start=\"1045\" data-end=\"1174\">Nelco BV verarbeitet <strong data-start=\"1063\" data-end=\"1098\">no sensitive personal data<\/strong> (wie medizinische Daten, Sozialversicherungsnummern, Finanzdaten usw.).<\/p>\n<hr data-start=\"1176\" data-end=\"1179\" \/>\n<h3 data-start=\"1181\" data-end=\"1226\">3. Zwecke der Datenverarbeitung<\/h3>\n<p data-start=\"1227\" data-end=\"1271\">Personenbezogene Daten werden ausschlie\u00dflich f\u00fcr folgende Zwecke verwendet:<\/p>\n<ul data-start=\"1273\" data-end=\"1433\">\n<li data-start=\"1273\" data-end=\"1317\">\n<p data-start=\"1275\" data-end=\"1317\">Beantwortung von Fragen oder Anfragen<\/p>\n<\/li>\n<li data-start=\"1318\" data-end=\"1386\">\n<p data-start=\"1320\" data-end=\"1386\">Professionelle Kommunikation mit Kunden, Lieferanten oder Partnern<\/p>\n<\/li>\n<li data-start=\"1387\" data-end=\"1433\">\n<p data-start=\"1389\" data-end=\"1433\">Administrative und vertragliche Zwecke<\/p>\n<\/li>\n<\/ul>\n<p data-start=\"1435\" data-end=\"1543\">Die Daten werden <strong data-start=\"1454\" data-end=\"1496\">nicht f\u00fcr Marketingzwecke verwendet<\/strong>, Profiling oder automatisierte Entscheidungsfindung.<\/p>\n<hr data-start=\"1545\" data-end=\"1548\" \/>\n<h3 data-start=\"1550\" data-end=\"1572\">4. Aufbewahrungsfrist<\/h3>\n<p data-start=\"1573\" data-end=\"1723\">Personenbezogene Daten werden nicht l\u00e4nger gespeichert, als es f\u00fcr den Zweck, f\u00fcr den sie erhoben wurden, unbedingt erforderlich ist oder solange dies gesetzlich vorgeschrieben ist.<\/p>\n<hr data-start=\"1725\" data-end=\"1728\" \/>\n<h3 data-start=\"1730\" data-end=\"1765\">5. Weitergabe personenbezogener Daten<\/h3>\n<p data-start=\"1766\" data-end=\"1775\">Nelco BV:<\/p>\n<ul data-start=\"1777\" data-end=\"1910\">\n<li data-start=\"1777\" data-end=\"1823\">\n<p data-start=\"1779\" data-end=\"1823\">verkauft oder vermietet keine personenbezogenen Daten<\/p>\n<\/li>\n<li data-start=\"1824\" data-end=\"1910\">\n<p data-start=\"1826\" data-end=\"1910\">gibt keine personenbezogenen Daten an Dritte weiter, es sei denn, dies ist gesetzlich vorgeschrieben<\/p>\n<\/li>\n<\/ul>\n<hr data-start=\"1912\" data-end=\"1915\" \/>\n<h3 data-start=\"1917\" data-end=\"1937\">6. Sicherheit<\/h3>\n<p data-start=\"1938\" data-end=\"2085\">Nelco BV ergreift geeignete technische und organisatorische Ma\u00dfnahmen, um personenbezogene Daten vor Verlust, Missbrauch oder unbefugtem Zugriff zu sch\u00fctzen.<\/p>\n<hr data-start=\"2087\" data-end=\"2090\" \/>\n<h3 data-start=\"2092\" data-end=\"2111\">7. Ihre Rechte<\/h3>\n<p data-start=\"2112\" data-end=\"2140\">Sie haben jederzeit das Recht:<\/p>\n<ul data-start=\"2142\" data-end=\"2292\">\n<li data-start=\"2142\" data-end=\"2178\">\n<p data-start=\"2144\" data-end=\"2178\">Ihre personenbezogenen Daten einzusehen<\/p>\n<\/li>\n<li data-start=\"2179\" data-end=\"2214\">\n<p data-start=\"2181\" data-end=\"2214\">Ihre Daten korrigieren lassen<\/p>\n<\/li>\n<li data-start=\"2215\" data-end=\"2251\">\n<p data-start=\"2217\" data-end=\"2251\">Ihre Daten l\u00f6schen lassen<\/p>\n<\/li>\n<li data-start=\"2252\" data-end=\"2292\">\n<p data-start=\"2254\" data-end=\"2292\">Widerspruch gegen die Verarbeitung einlegen<\/p>\n<\/li>\n<\/ul>\n<p data-start=\"2294\" data-end=\"2375\">Sie k\u00f6nnen sich dazu \u00fcber die \u00fcblichen Kontaktdaten von Nelco BV an uns wenden.<\/p>\n<hr data-start=\"2377\" data-end=\"2380\" \/>\n<h3 data-start=\"2382\" data-end=\"2398\">8. Cookies<\/h3>\n<p data-start=\"2399\" data-end=\"2507\">Die Website von Nelco BV macht <strong data-start=\"2429\" data-end=\"2506\">Keine Verwendung von Tracking-Cookies, Marketing-Cookies oder Analyse-Cookies<\/strong>.<\/p>\n<p data-start=\"2509\" data-end=\"2707\">Wenn technische oder funktionale Cookies verwendet werden (z. B. f\u00fcr das ordnungsgem\u00e4\u00dfe Funktionieren der Website), enthalten diese keine personenbezogenen Daten und erfordern keine vorherige Zustimmung.<\/p>\n<hr data-start=\"2709\" data-end=\"2712\" \/>\n<h3 data-start=\"2714\" data-end=\"2734\">9. \u00c4nderungen<\/h3>\n<p data-start=\"2735\" data-end=\"2866\">Nelco BV beh\u00e4lt sich das Recht vor, diese Datenschutz- und Cookie-Richtlinie zu \u00e4ndern. Es gilt stets die aktuellste Version.<\/p>\n<hr data-start=\"2868\" data-end=\"2871\" \/>\n<h3 data-start=\"2873\" data-end=\"2890\">10. Kontakt<\/h3>\n<p data-start=\"2891\" data-end=\"2963\">Bei Fragen zu dieser Datenschutz- und Cookie-Richtlinie wenden Sie sich bitte an:<\/p>\n<p data-start=\"2965\" data-end=\"3039\"><strong data-start=\"2965\" data-end=\"2977\">Nelco BV<\/strong><br data-start=\"2977\" data-end=\"2980\" \/>Durmakker 16 (Hafennummer 8836 A)<br data-start=\"3013\" data-end=\"3016\" \/>9940 Evergem \u2013 Belgien<\/p>","protected":false},"excerpt":{"rendered":"<p>Privacy- en Cookiebeleid \u2013 Nelco BV 1. Algemeen Nelco BV, gevestigd te Durmakker 16 (Havennummer 8836 A), 9940 Evergem, Belgi\u00eb, hecht belang aan de bescherming van uw persoonsgegevens en respecteert uw privacy conform de Algemene Verordening Gegevensbescherming (AVG\/GDPR) en de Belgische privacywetgeving. Dit privacy- en cookiebeleid legt uit welke gegevens eventueel worden verwerkt en met [&hellip;]<\/p>\n","protected":false},"author":1,"featured_media":0,"parent":0,"menu_order":0,"comment_status":"closed","ping_status":"closed","template":"","meta":{"_monsterinsights_skip_tracking":false,"_monsterinsights_sitenote_active":false,"_monsterinsights_sitenote_note":"","_monsterinsights_sitenote_category":0,"footnotes":""},"class_list":["post-1046","page","type-page","status-publish","hentry"],"_links":{"self":[{"href":"http:\/\/www.nelco.be\/de\/wp-json\/wp\/v2\/pages\/1046","targetHints":{"allow":["GET"]}}],"collection":[{"href":"http:\/\/www.nelco.be\/de\/wp-json\/wp\/v2\/pages"}],"about":[{"href":"http:\/\/www.nelco.be\/de\/wp-json\/wp\/v2\/types\/page"}],"author":[{"embeddable":true,"href":"http:\/\/www.nelco.be\/de\/wp-json\/wp\/v2\/users\/1"}],"replies":[{"embeddable":true,"href":"http:\/\/www.nelco.be\/de\/wp-json\/wp\/v2\/comments?post=1046"}],"version-history":[{"count":3,"href":"http:\/\/www.nelco.be\/de\/wp-json\/wp\/v2\/pages\/1046\/revisions"}],"predecessor-version":[{"id":1049,"href":"http:\/\/www.nelco.be\/de\/wp-json\/wp\/v2\/pages\/1046\/revisions\/1049"}],"wp:attachment":[{"href":"http:\/\/www.nelco.be\/de\/wp-json\/wp\/v2\/media?parent=1046"}],"curies":[{"name":"wp","href":"https:\/\/api.w.org\/{rel}","templated":true}]}}