{"id":1043,"date":"2025-12-22T18:07:04","date_gmt":"2025-12-22T17:07:04","guid":{"rendered":"https:\/\/www.nelco.be\/?page_id=1043"},"modified":"2025-12-22T18:08:49","modified_gmt":"2025-12-22T17:08:49","slug":"conditions","status":"publish","type":"page","link":"https:\/\/www.nelco.be\/de\/conditions\/","title":{"rendered":"Bedingungen"},"content":{"rendered":"<ul class=\"list\">\n<li>Alle Waren werden auf Kosten und Risiko des Absenders transportiert. Eine eventuelle R\u00fccksendung erfolgt ebenfalls auf dessen Risiko und Kosten.<\/li>\n<li>Nelco BV beh\u00e4lt sich das Recht vor, weitere Lieferungen zu verweigern, wenn die vorherigen nicht bezahlt wurden.<\/li>\n<li>Im Falle h\u00f6herer Gewalt ist Nelco BV berechtigt, den Versand zu verschieben oder einseitig zu stornieren. Unter h\u00f6herer Gewalt versteht man unter anderem Brand, Streik, Maschinenausfall usw.<\/li>\n<li>Die Zahlung erfolgt in Gent sp\u00e4testens 30 Tage nach Rechnungsdatum per \u00dcberweisung unter Angabe der Rechnungsnummer auf eines der Bankkonten von Nelco BV.<\/li>\n<li>Jede Rechnung, die nicht zum festgelegten F\u00e4lligkeitsdatum beglichen wurde, wird ohne vorherige Mahnung mit Zinsen in H\u00f6he von 1,25% pro Monat verzinst.<\/li>\n<li>Rechnungen m\u00fcssen innerhalb von 8 Tagen nach Erhalt schriftlich beanstandet werden. Andernfalls gilt die Rechnung als akzeptiert.<\/li>\n<li>Bei einer gerichtlichen Eintreibung wird eine Vertragsstrafe in H\u00f6he von mindestens 250 Euro zus\u00e4tzlich zu den Gerichtskosten f\u00e4llig.<\/li>\n<li>F\u00fcr alle Streitigkeiten sind ausschlie\u00dflich die Gerichte von Gent zust\u00e4ndig.<\/li>\n<li>F\u00fcr alle Aktivit\u00e4ten von Nelco BV gilt ausschlie\u00dflich belgisches Recht.<\/li>\n<li>Bank- oder sonstige Kosten, die durch internationale \u00dcberweisungen oder Wechselkursschwankungen entstehen, gehen vollst\u00e4ndig zu Lasten des Lieferanten.<\/li>\n<li>Diese Allgemeinen Gesch\u00e4ftsbedingungen wurden in niederl\u00e4ndischer Sprache verfasst und \u00fcbersetzt. Im Falle von Abweichungen oder Widerspr\u00fcchen zwischen dem niederl\u00e4ndischen Text und dem \u00fcbersetzten Text oder bei unterschiedlicher Auslegung gelten die Allgemeinen Gesch\u00e4ftsbedingungen in niederl\u00e4ndischer Sprache.<\/li>\n<\/ul>","protected":false},"excerpt":{"rendered":"<p>Alle goederen reizen op kosten en risico van de afzender. Eventuele terugzending geschiedt eveneens op zijn risico en kosten. Nelco BV houdt zich het recht voor verdere leveringen te weigeren zo de vorige niet betaald werden. In geval van overmacht is Nelco BV gerechtigd de verzending te verdagen of eenzijdig te annuleren. Onder overmacht wordt [&hellip;]<\/p>\n","protected":false},"author":1,"featured_media":0,"parent":0,"menu_order":0,"comment_status":"closed","ping_status":"closed","template":"","meta":{"_monsterinsights_skip_tracking":false,"_monsterinsights_sitenote_active":false,"_monsterinsights_sitenote_note":"","_monsterinsights_sitenote_category":0,"footnotes":""},"class_list":["post-1043","page","type-page","status-publish","hentry"],"_links":{"self":[{"href":"https:\/\/www.nelco.be\/de\/wp-json\/wp\/v2\/pages\/1043","targetHints":{"allow":["GET"]}}],"collection":[{"href":"https:\/\/www.nelco.be\/de\/wp-json\/wp\/v2\/pages"}],"about":[{"href":"https:\/\/www.nelco.be\/de\/wp-json\/wp\/v2\/types\/page"}],"author":[{"embeddable":true,"href":"https:\/\/www.nelco.be\/de\/wp-json\/wp\/v2\/users\/1"}],"replies":[{"embeddable":true,"href":"https:\/\/www.nelco.be\/de\/wp-json\/wp\/v2\/comments?post=1043"}],"version-history":[{"count":2,"href":"https:\/\/www.nelco.be\/de\/wp-json\/wp\/v2\/pages\/1043\/revisions"}],"predecessor-version":[{"id":1045,"href":"https:\/\/www.nelco.be\/de\/wp-json\/wp\/v2\/pages\/1043\/revisions\/1045"}],"wp:attachment":[{"href":"https:\/\/www.nelco.be\/de\/wp-json\/wp\/v2\/media?parent=1043"}],"curies":[{"name":"wp","href":"https:\/\/api.w.org\/{rel}","templated":true}]}}