{"id":1043,"date":"2025-12-22T18:07:04","date_gmt":"2025-12-22T17:07:04","guid":{"rendered":"https:\/\/www.nelco.be\/?page_id=1043"},"modified":"2025-12-22T18:08:49","modified_gmt":"2025-12-22T17:08:49","slug":"conditions","status":"publish","type":"page","link":"https:\/\/www.nelco.be\/fr\/conditions\/","title":{"rendered":"conditions"},"content":{"rendered":"<ul class=\"list\">\n<li>Toutes les marchandises voyagent aux frais et aux risques de l'exp\u00e9diteur. Tout retour \u00e9ventuel s'effectue \u00e9galement \u00e0 ses risques et \u00e0 ses frais.<\/li>\n<li>Nelco BV se r\u00e9serve le droit de refuser toute nouvelle livraison si les pr\u00e9c\u00e9dentes n'ont pas \u00e9t\u00e9 pay\u00e9es.<\/li>\n<li>En cas de force majeure, Nelco BV est en droit de reporter l'exp\u00e9dition ou de l'annuler unilat\u00e9ralement. Par force majeure, on entend notamment un incendie, une gr\u00e8ve, une panne de machine, etc.<\/li>\n<li>Le paiement doit \u00eatre effectu\u00e9 \u00e0 Gand au plus tard 30 jours apr\u00e8s la date de facturation, par virement bancaire, en mentionnant le num\u00e9ro de facture, sur l'un des comptes bancaires de Nelco BV.<\/li>\n<li>Toute facture non pay\u00e9e \u00e0 la date d'\u00e9ch\u00e9ance fix\u00e9e sera major\u00e9e d'un int\u00e9r\u00eat de 1,25% par mois, et ce sans aucune mise en demeure.<\/li>\n<li>Les factures doivent \u00eatre contest\u00e9es par \u00e9crit dans les 8 jours suivant leur r\u00e9ception. \u00c0 d\u00e9faut, la facture est consid\u00e9r\u00e9e comme accept\u00e9e.<\/li>\n<li>En cas de recouvrement judiciaire, une indemnit\u00e9 minimale de 250 euros sera due en plus des frais de justice.<\/li>\n<li>Les tribunaux de Gand sont seuls comp\u00e9tents pour tous les litiges.<\/li>\n<li>Toutes les activit\u00e9s de Nelco BV sont exclusivement r\u00e9gies par le droit belge.<\/li>\n<li>Les frais bancaires ou autres frais r\u00e9sultant de virements internationaux ou de variations de cours sont enti\u00e8rement \u00e0 la charge du fournisseur.<\/li>\n<li>Les pr\u00e9sentes conditions g\u00e9n\u00e9rales ont \u00e9t\u00e9 r\u00e9dig\u00e9es en n\u00e9erlandais et traduites. En cas de divergence ou de contradiction entre le texte n\u00e9erlandais et le texte traduit, ou en cas de diff\u00e9rence d'interpr\u00e9tation, les conditions g\u00e9n\u00e9rales r\u00e9dig\u00e9es en n\u00e9erlandais pr\u00e9vaudront.<\/li>\n<\/ul>","protected":false},"excerpt":{"rendered":"<p>Alle goederen reizen op kosten en risico van de afzender. Eventuele terugzending geschiedt eveneens op zijn risico en kosten. Nelco BV houdt zich het recht voor verdere leveringen te weigeren zo de vorige niet betaald werden. In geval van overmacht is Nelco BV gerechtigd de verzending te verdagen of eenzijdig te annuleren. Onder overmacht wordt [&hellip;]<\/p>\n","protected":false},"author":1,"featured_media":0,"parent":0,"menu_order":0,"comment_status":"closed","ping_status":"closed","template":"","meta":{"_monsterinsights_skip_tracking":false,"_monsterinsights_sitenote_active":false,"_monsterinsights_sitenote_note":"","_monsterinsights_sitenote_category":0,"footnotes":""},"class_list":["post-1043","page","type-page","status-publish","hentry"],"_links":{"self":[{"href":"https:\/\/www.nelco.be\/fr\/wp-json\/wp\/v2\/pages\/1043","targetHints":{"allow":["GET"]}}],"collection":[{"href":"https:\/\/www.nelco.be\/fr\/wp-json\/wp\/v2\/pages"}],"about":[{"href":"https:\/\/www.nelco.be\/fr\/wp-json\/wp\/v2\/types\/page"}],"author":[{"embeddable":true,"href":"https:\/\/www.nelco.be\/fr\/wp-json\/wp\/v2\/users\/1"}],"replies":[{"embeddable":true,"href":"https:\/\/www.nelco.be\/fr\/wp-json\/wp\/v2\/comments?post=1043"}],"version-history":[{"count":2,"href":"https:\/\/www.nelco.be\/fr\/wp-json\/wp\/v2\/pages\/1043\/revisions"}],"predecessor-version":[{"id":1045,"href":"https:\/\/www.nelco.be\/fr\/wp-json\/wp\/v2\/pages\/1043\/revisions\/1045"}],"wp:attachment":[{"href":"https:\/\/www.nelco.be\/fr\/wp-json\/wp\/v2\/media?parent=1043"}],"curies":[{"name":"wp","href":"https:\/\/api.w.org\/{rel}","templated":true}]}}