{"id":1046,"date":"2025-12-22T18:11:54","date_gmt":"2025-12-22T17:11:54","guid":{"rendered":"https:\/\/www.nelco.be\/?page_id=1046"},"modified":"2025-12-22T18:14:15","modified_gmt":"2025-12-22T17:14:15","slug":"privacy","status":"publish","type":"page","link":"https:\/\/www.nelco.be\/fr\/privacy\/","title":{"rendered":"confidentialit\u00e9"},"content":{"rendered":"<h2 data-start=\"276\" data-end=\"314\">Politique de confidentialit\u00e9 et de cookies \u2013 Nelco BV<\/h2>\n<h3 data-start=\"316\" data-end=\"333\">1. G\u00e9n\u00e9ralit\u00e9s<\/h3>\n<p data-start=\"334\" data-end=\"600\">Nelco BV, \u00e9tablie \u00e0 <strong data-start=\"357\" data-end=\"416\">Durmakker 16 (num\u00e9ro de port 8836 A), 9940 Evergem, Belgique<\/strong>, accorde une grande importance \u00e0 la protection de vos donn\u00e9es personnelles et respecte votre vie priv\u00e9e conform\u00e9ment \u00e0 la <strong data-start=\"511\" data-end=\"566\">R\u00e8glement g\u00e9n\u00e9ral sur la protection des donn\u00e9es (RGPD)<\/strong> et la l\u00e9gislation belge en mati\u00e8re de protection de la vie priv\u00e9e.<\/p>\n<p data-start=\"602\" data-end=\"698\">La pr\u00e9sente politique en mati\u00e8re de confidentialit\u00e9 et de cookies explique quelles donn\u00e9es peuvent \u00eatre trait\u00e9es et \u00e0 quelles fins.<\/p>\n<hr data-start=\"700\" data-end=\"703\" \/>\n<h3 data-start=\"705\" data-end=\"751\">2. Quelles donn\u00e9es \u00e0 caract\u00e8re personnel traitons-nous ?<\/h3>\n<p data-start=\"752\" data-end=\"842\">Nelco BV traite uniquement <strong data-start=\"776\" data-end=\"834\">donn\u00e9es \u00e0 caract\u00e8re personnel tr\u00e8s limit\u00e9es et strictement n\u00e9cessaires<\/strong>, comme :<\/p>\n<ul data-start=\"844\" data-end=\"904\">\n<li data-start=\"844\" data-end=\"852\">\n<p data-start=\"846\" data-end=\"852\">Nom<\/p>\n<\/li>\n<li data-start=\"853\" data-end=\"869\">\n<p data-start=\"855\" data-end=\"869\">Nom de l'entreprise<\/p>\n<\/li>\n<li data-start=\"870\" data-end=\"885\">\n<p data-start=\"872\" data-end=\"885\">Adresse e-mail<\/p>\n<\/li>\n<li data-start=\"886\" data-end=\"904\">\n<p data-start=\"888\" data-end=\"904\">Num\u00e9ro de t\u00e9l\u00e9phone<\/p>\n<\/li>\n<\/ul>\n<p data-start=\"906\" data-end=\"1043\">Ces donn\u00e9es sont fournies exclusivement par vous-m\u00eame, par exemple par e-mail, par t\u00e9l\u00e9phone ou par tout autre moyen de communication direct.<\/p>\n<p data-start=\"1045\" data-end=\"1174\">Nelco BV traite <strong data-start=\"1063\" data-end=\"1098\">aucune donn\u00e9e \u00e0 caract\u00e8re personnel sensible<\/strong> (telles que les donn\u00e9es m\u00e9dicales, les num\u00e9ros d'identification nationale, les donn\u00e9es financi\u00e8res, etc.).<\/p>\n<hr data-start=\"1176\" data-end=\"1179\" \/>\n<h3 data-start=\"1181\" data-end=\"1226\">3. Finalit\u00e9s du traitement des donn\u00e9es<\/h3>\n<p data-start=\"1227\" data-end=\"1271\">Les donn\u00e9es personnelles sont uniquement utilis\u00e9es pour :<\/p>\n<ul data-start=\"1273\" data-end=\"1433\">\n<li data-start=\"1273\" data-end=\"1317\">\n<p data-start=\"1275\" data-end=\"1317\">R\u00e9pondre aux questions ou aux demandes<\/p>\n<\/li>\n<li data-start=\"1318\" data-end=\"1386\">\n<p data-start=\"1320\" data-end=\"1386\">Communication professionnelle avec les clients, fournisseurs ou partenaires<\/p>\n<\/li>\n<li data-start=\"1387\" data-end=\"1433\">\n<p data-start=\"1389\" data-end=\"1433\">Fins administratives et contractuelles<\/p>\n<\/li>\n<\/ul>\n<p data-start=\"1435\" data-end=\"1543\">Les donn\u00e9es sont <strong data-start=\"1454\" data-end=\"1496\">non utilis\u00e9 \u00e0 des fins marketing<\/strong>, profilage ou prise de d\u00e9cision automatis\u00e9e.<\/p>\n<hr data-start=\"1545\" data-end=\"1548\" \/>\n<h3 data-start=\"1550\" data-end=\"1572\">4. Dur\u00e9e de conservation<\/h3>\n<p data-start=\"1573\" data-end=\"1723\">Les donn\u00e9es \u00e0 caract\u00e8re personnel ne sont pas conserv\u00e9es plus longtemps que ce qui est strictement n\u00e9cessaire aux fins pour lesquelles elles ont \u00e9t\u00e9 collect\u00e9es, ou aussi longtemps que la loi l'exige.<\/p>\n<hr data-start=\"1725\" data-end=\"1728\" \/>\n<h3 data-start=\"1730\" data-end=\"1765\">5. Partage des donn\u00e9es \u00e0 caract\u00e8re personnel<\/h3>\n<p data-start=\"1766\" data-end=\"1775\">Nelco BV :<\/p>\n<ul data-start=\"1777\" data-end=\"1910\">\n<li data-start=\"1777\" data-end=\"1823\">\n<p data-start=\"1779\" data-end=\"1823\">ne vend ni ne loue aucune donn\u00e9e \u00e0 caract\u00e8re personnel<\/p>\n<\/li>\n<li data-start=\"1824\" data-end=\"1910\">\n<p data-start=\"1826\" data-end=\"1910\">ne partage aucune donn\u00e9e personnelle avec des tiers, sauf lorsque la loi l'y oblige<\/p>\n<\/li>\n<\/ul>\n<hr data-start=\"1912\" data-end=\"1915\" \/>\n<h3 data-start=\"1917\" data-end=\"1937\">6. S\u00e9curit\u00e9<\/h3>\n<p data-start=\"1938\" data-end=\"2085\">Nelco BV prend les mesures techniques et organisationnelles appropri\u00e9es pour prot\u00e9ger les donn\u00e9es personnelles contre la perte, l'utilisation abusive ou l'acc\u00e8s non autoris\u00e9.<\/p>\n<hr data-start=\"2087\" data-end=\"2090\" \/>\n<h3 data-start=\"2092\" data-end=\"2111\">7. Vos droits<\/h3>\n<p data-start=\"2112\" data-end=\"2140\">Vous avez toujours le droit :<\/p>\n<ul data-start=\"2142\" data-end=\"2292\">\n<li data-start=\"2142\" data-end=\"2178\">\n<p data-start=\"2144\" data-end=\"2178\">consulter vos donn\u00e9es personnelles<\/p>\n<\/li>\n<li data-start=\"2179\" data-end=\"2214\">\n<p data-start=\"2181\" data-end=\"2214\">faire corriger vos donn\u00e9es<\/p>\n<\/li>\n<li data-start=\"2215\" data-end=\"2251\">\n<p data-start=\"2217\" data-end=\"2251\">faire supprimer vos donn\u00e9es<\/p>\n<\/li>\n<li data-start=\"2252\" data-end=\"2292\">\n<p data-start=\"2254\" data-end=\"2292\">s'opposer au traitement<\/p>\n<\/li>\n<\/ul>\n<p data-start=\"2294\" data-end=\"2375\">Pour ce faire, vous pouvez contacter Nelco BV aux coordonn\u00e9es habituelles.<\/p>\n<hr data-start=\"2377\" data-end=\"2380\" \/>\n<h3 data-start=\"2382\" data-end=\"2398\">8. Cookies<\/h3>\n<p data-start=\"2399\" data-end=\"2507\">Le site web de Nelco BV rend <strong data-start=\"2429\" data-end=\"2506\">pas d'utilisation de cookies de suivi, de cookies marketing ou de cookies analytiques<\/strong>.<\/p>\n<p data-start=\"2509\" data-end=\"2707\">Si des cookies techniques ou fonctionnels sont utilis\u00e9s (par exemple pour le bon fonctionnement du site web), ceux-ci ne contiennent aucune donn\u00e9e \u00e0 caract\u00e8re personnel et ne n\u00e9cessitent pas d'autorisation pr\u00e9alable.<\/p>\n<hr data-start=\"2709\" data-end=\"2712\" \/>\n<h3 data-start=\"2714\" data-end=\"2734\">9. Modifications<\/h3>\n<p data-start=\"2735\" data-end=\"2866\">Nelco BV se r\u00e9serve le droit de modifier la pr\u00e9sente politique de confidentialit\u00e9 et d'utilisation des cookies. La version la plus r\u00e9cente s'applique toujours.<\/p>\n<hr data-start=\"2868\" data-end=\"2871\" \/>\n<h3 data-start=\"2873\" data-end=\"2890\">10. Contact<\/h3>\n<p data-start=\"2891\" data-end=\"2963\">Pour toute question concernant cette politique de confidentialit\u00e9 et de cookies, veuillez contacter :<\/p>\n<p data-start=\"2965\" data-end=\"3039\"><strong data-start=\"2965\" data-end=\"2977\">Nelco BV<\/strong><br data-start=\"2977\" data-end=\"2980\" \/>Durmakker 16 (num\u00e9ro de port 8836 A)<br data-start=\"3013\" data-end=\"3016\" \/>9940 Evergem \u2013 Belgique<\/p>","protected":false},"excerpt":{"rendered":"<p>Privacy- en Cookiebeleid \u2013 Nelco BV 1. Algemeen Nelco BV, gevestigd te Durmakker 16 (Havennummer 8836 A), 9940 Evergem, Belgi\u00eb, hecht belang aan de bescherming van uw persoonsgegevens en respecteert uw privacy conform de Algemene Verordening Gegevensbescherming (AVG\/GDPR) en de Belgische privacywetgeving. Dit privacy- en cookiebeleid legt uit welke gegevens eventueel worden verwerkt en met [&hellip;]<\/p>\n","protected":false},"author":1,"featured_media":0,"parent":0,"menu_order":0,"comment_status":"closed","ping_status":"closed","template":"","meta":{"_monsterinsights_skip_tracking":false,"_monsterinsights_sitenote_active":false,"_monsterinsights_sitenote_note":"","_monsterinsights_sitenote_category":0,"footnotes":""},"class_list":["post-1046","page","type-page","status-publish","hentry"],"_links":{"self":[{"href":"https:\/\/www.nelco.be\/fr\/wp-json\/wp\/v2\/pages\/1046","targetHints":{"allow":["GET"]}}],"collection":[{"href":"https:\/\/www.nelco.be\/fr\/wp-json\/wp\/v2\/pages"}],"about":[{"href":"https:\/\/www.nelco.be\/fr\/wp-json\/wp\/v2\/types\/page"}],"author":[{"embeddable":true,"href":"https:\/\/www.nelco.be\/fr\/wp-json\/wp\/v2\/users\/1"}],"replies":[{"embeddable":true,"href":"https:\/\/www.nelco.be\/fr\/wp-json\/wp\/v2\/comments?post=1046"}],"version-history":[{"count":3,"href":"https:\/\/www.nelco.be\/fr\/wp-json\/wp\/v2\/pages\/1046\/revisions"}],"predecessor-version":[{"id":1049,"href":"https:\/\/www.nelco.be\/fr\/wp-json\/wp\/v2\/pages\/1046\/revisions\/1049"}],"wp:attachment":[{"href":"https:\/\/www.nelco.be\/fr\/wp-json\/wp\/v2\/media?parent=1046"}],"curies":[{"name":"wp","href":"https:\/\/api.w.org\/{rel}","templated":true}]}}